{"id":258,"date":"2025-10-24T19:48:51","date_gmt":"2025-10-24T19:48:51","guid":{"rendered":"https:\/\/senhoresportes.com\/?page_id=258"},"modified":"2025-10-24T19:48:54","modified_gmt":"2025-10-24T19:48:54","slug":"about","status":"publish","type":"page","link":"https:\/\/senhoresportes.com\/nb\/about\/","title":{"rendered":"Om"},"content":{"rendered":"<div class=\"mx-5 sm:mx-0 prose leading-relaxed text-lg mb-5 text-left wp-paragraph\">\n<p>Har du lagt merke til hvordan sportens og spillingens verden er full av muligheter? Teknikker, regler, apper, verkt\u00f8y og strategier kobles sammen for \u00e5 skape stadig mer rike opplevelser. Senhor Esportes ble opprettet for \u00e5 samle klart og tilgjengelig innhold p\u00e5 ett sted, slik at du kan l\u00e6re, forst\u00e5 og utforske mer om det du liker.<\/p>\n<\/div><div class=\"mx-5 sm:mx-0 prose leading-relaxed text-lg mb-5 text-left wp-paragraph\">\n<p>Her kombinerer vi lidenskap for sport med nysgjerrighet for spill. V\u00e5rt oppdrag er \u00e5 skape et informasjonsomr\u00e5de med detaljerte guider, komplette analyser og praktiske tips som gj\u00f8r det enklere for leserne \u00e5 engasjere seg i ulike sporter, apper, digitale plattformer og spillrelaterte verkt\u00f8y.<\/p>\n<\/div><div class=\"mx-5 sm:mx-0 prose leading-relaxed text-lg mb-5 text-left wp-paragraph\">\n<p>M\u00e5let v\u00e5rt er \u00e5 tilby innhold som forenkler livet ditt og gj\u00f8r opplevelsen mer engasjerende og praktisk. Hver del er utformet for \u00e5 hjelpe deg med \u00e5 forst\u00e5 konsepter, oppdage nye funksjoner og f\u00e5 mest mulig ut av det dette universet tilbyr.<\/p>\n<\/div><!--advertisement--><div class=\"mx-5 sm:mx-0 sm:text-3xl text-2xl font-medium title-font mb-4 text-gray-900 text-left\">\n<h2 class=\"wp-block-heading\">Hva du finner p\u00e5 Senhor Esportes<\/h2>\n<\/div><div class=\"mx-5 sm:mx-0 prose leading-relaxed text-lg mb-5 text-left wp-paragraph\">\n<p>Denne nettsiden ble opprettet for \u00e5 informere og veilede de som \u00f8nsker \u00e5 bedre forst\u00e5 sports- og spillverdenen. Innholdet v\u00e5rt er strukturert tydelig, med direkte forklaringer og tilgjengelig spr\u00e5k, slik at du enkelt kan finne det du trenger.<\/p>\n<\/div><div class=\"mx-5 sm:mx-0 prose leading-relaxed text-lg mb-5 text-left wp-paragraph\">\n<p>Her kan du utforske:<\/p>\n<\/div><div class=\"mx-5 sm:mx-0 prose leading-relaxed text-lg mb-5 text-left wp-paragraph\">\n<p>\ud83d\udd39 <strong>Praktiske trinnvise guider<\/strong><\/p>\n<\/div><div class=\"mx-5 sm:mx-0 prose leading-relaxed text-lg mb-5 text-left wp-paragraph\">\n<p>Hvis du vil l\u00e6re \u00e5 bruke sportsapper, forst\u00e5 spillregler, utforske digitale funksjoner eller konfigurere verkt\u00f8y for \u00e5 forbedre ytelsen din, er guidene v\u00e5re laget for deg. Hvert trinn er tydelig forklart, noe som gj\u00f8r det enkelt \u00e5 bruke dem i hverdagen.<\/p>\n<\/div><div class=\"mx-5 sm:mx-0 prose leading-relaxed text-lg mb-5 text-left wp-paragraph\">\n<p>\ud83d\udd39 <strong>Tips for \u00e5 forbedre opplevelsen din<\/strong><\/p>\n<\/div><div class=\"mx-5 sm:mx-0 prose leading-relaxed text-lg mb-5 text-left wp-paragraph\">\n<p>Vi tilbyr forslag som hjelper deg med \u00e5 f\u00e5 mest mulig ut av apper, plattformer og funksjoner som kobler sammen sport og spill. Fra verkt\u00f8y som sporer statistikk til ressurser som forbedrer treningseffektiviteten din, viser vi hvordan du bruker hver enkelt effektivt.<\/p>\n<\/div><div class=\"mx-5 sm:mx-0 prose leading-relaxed text-lg mb-5 text-left wp-paragraph\">\n<p>\ud83d\udd39 Dybdeg\u00e5ende analyser og forklaringer<\/p>\n<\/div><div class=\"mx-5 sm:mx-0 prose leading-relaxed text-lg mb-5 text-left wp-paragraph\">\n<p>Vil du forst\u00e5 hvordan en sportssporingsapp fungerer, mekanikken i et spill eller funksjonene til et bestemt verkt\u00f8y? Vi lager detaljert innhold som hjelper deg med \u00e5 avklare sp\u00f8rsm\u00e5l og forst\u00e5 hver detalj lettere.<\/p>\n<\/div><div class=\"mx-5 sm:mx-0 prose leading-relaxed text-lg mb-5 text-left wp-paragraph\">\n<p>\ud83d\udd39<strong> Kuriositeter og spesielle emner<\/strong><\/p>\n<\/div><div class=\"mx-5 sm:mx-0 prose leading-relaxed text-lg mb-5 text-left wp-paragraph\">\n<p>I tillegg til guider dekker vi ogs\u00e5 emner som vekker nysgjerrighet: lite kjente verkt\u00f8y, skjulte funksjoner, utviklingen av sport og atferd innen spill- og sportsmilj\u00f8er. Alt presenteres p\u00e5 en tydelig og engasjerende m\u00e5te.<\/p>\n<\/div><div class=\"mx-5 sm:mx-0 prose leading-relaxed text-lg mb-5 text-left wp-paragraph\">\n<p>M\u00e5let v\u00e5rt er at du skal finne et p\u00e5litelig og hyggelig sted som er laget for \u00e5 hjelpe deg med \u00e5 l\u00e6re, oppdage nyttige ressurser og utforske innhold som virkelig interesserer deg.<\/p>\n<\/div><!--advertisement--><div class=\"mx-5 sm:mx-0 sm:text-3xl text-2xl font-medium title-font mb-4 text-gray-900 text-left\">\n<h2 class=\"wp-block-heading\">Hvem vi er<\/h2>\n<\/div><div class=\"mx-5 sm:mx-0 prose leading-relaxed text-lg mb-5 text-left wp-paragraph\">\n<p>Senhor Esportes ble grunnlagt av en gruppe entusiaster som er lidenskapelig opptatt av sport og spill, forent av m\u00e5let om \u00e5 gj\u00f8re denne verdenen mer tilgjengelig. Teamet v\u00e5rt har erfaring med \u00e5 studere sport, spillmekanikk, digitale teknologier og bransjetrender, og s\u00f8rger for godt strukturert og informativt innhold.<\/p>\n<\/div><div class=\"mx-5 sm:mx-0 prose leading-relaxed text-lg mb-5 text-left wp-paragraph\">\n<p>Mer enn \u00e5 samle informasjon, har vi som m\u00e5l \u00e5 dele kunnskap. Forfatterne v\u00e5re utforsker disse temaene daglig, tester verkt\u00f8y, analyserer ressurser og lager materiale for alle som \u00f8nsker \u00e5 l\u00e6re mer \u2013 uten un\u00f8dvendige komplikasjoner.<\/p>\n<\/div><!--advertisement--><div class=\"mx-5 sm:mx-0 sm:text-3xl text-2xl font-medium title-font mb-4 text-gray-900 text-left\">\n<h2 class=\"wp-block-heading\">V\u00e5r forpliktelse til \u00e5penhet<\/h2>\n<\/div><div class=\"mx-5 sm:mx-0 prose leading-relaxed text-lg mb-5 text-left wp-paragraph\">\n<p>\u00c5penhet og uavhengighet er grunnpilarene til Senhor Esportes. Det er viktig \u00e5 merke seg at:<\/p>\n<\/div><div class=\"mx-5 sm:mx-0 prose text-left mb-5\">\n<ul><div class=\"mx-5 sm:mx-0 prose text-left mb-5\">\n<li>Nettstedet har ingen tilknytning til noen av de nevnte selskapene, utviklerne, plattformene eller apper.<\/li>\n<\/div>\n\n<div class=\"mx-5 sm:mx-0 prose text-left mb-5\">\n<li>Vi tilbyr ikke betalte tjenester, abonnementer, teknisk st\u00f8tte eller fungerer som mellomledd for kj\u00f8p. V\u00e5rt eneste form\u00e5l er \u00e5 informere.<\/li>\n<\/div>\n\n<div class=\"mx-5 sm:mx-0 prose text-left mb-5\">\n<li>Informasjonen som publiseres er basert p\u00e5 offentlige data og verifiserte kilder, men eksterne endringer kan forekomme, for eksempel appoppdateringer, fjerning av nettsteder, kursjusteringer eller nye funksjoner.<\/li>\n<\/div>\n\n<div class=\"mx-5 sm:mx-0 prose text-left mb-5\">\n<li>Vi gjennomg\u00e5r innholdet v\u00e5rt jevnlig, men anbefaler at leserne bekrefter de nyeste detaljene direkte med offisielle kilder n\u00e5r det er n\u00f8dvendig.<\/li>\n<\/div><\/ul>\n<\/div><div class=\"mx-5 sm:mx-0 prose leading-relaxed text-lg mb-5 text-left wp-paragraph\">\n<p>V\u00e5rt oppdrag er \u00e5 tilby tydelig, organisert og upartisk informasjon som hjelper deg \u00e5 bedre forst\u00e5 sports- og spilluniverset. Her finner du innhold som forklarer, veileder og kobler sammen \u2013 uten l\u00f8fter om tjenester eller kommersielle b\u00e5nd.<br><\/p>\n<\/div><!--advertisement--><div class=\"mx-5 sm:mx-0 sm:text-3xl text-2xl font-medium title-font mb-4 text-gray-900 text-left\">\n<h2 class=\"wp-block-heading\">Monetisering og offentliggj\u00f8ring<\/h2>\n<\/div><div class=\"mx-5 sm:mx-0 prose leading-relaxed text-lg mb-5 text-left wp-paragraph\">\n<p>For \u00e5 holde plattformen v\u00e5r tilgjengelig og gratis for alle, viser Senhor Esportes annonser via Google AdSense. Disse annonsene bidrar til \u00e5 opprettholde v\u00e5rt redaksjonelle arbeid og vedlikeholde nettstedet uten \u00e5 kompromittere integriteten til innholdet eller anbefalingene v\u00e5re.<\/p>\n<\/div><div class=\"mx-5 sm:mx-0 prose leading-relaxed text-lg mb-5 text-left wp-paragraph\">\n<p>Alt reklameinnhold er tydelig atskilt fra redaksjonelt materiale. Vi bruker ikke tilknyttede lenker, og vi mottar heller ikke provisjon for appnedlastinger, kj\u00f8p eller produktomtaler. V\u00e5r redaksjonelle uavhengighet er absolutt og opprettholdes under alle omstendigheter.<\/p>\n<\/div><!--advertisement--><div class=\"mx-5 sm:mx-0 sm:text-3xl text-2xl font-medium title-font mb-4 text-gray-900 text-left\">\n<h2 class=\"wp-block-heading\">Opphavsrett og tredjepartsinnhold<\/h2>\n<\/div><div class=\"mx-5 sm:mx-0 prose leading-relaxed text-lg mb-5 text-left wp-paragraph\">\n<p>All tekst, bilder og designelementer p\u00e5 Senhor Esportes er beskyttet av opphavsrettslovgivningen. Du kan sitere eller referere til innholdet v\u00e5rt s\u00e5 lenge det gis korrekt kreditering og en synlig lenke til nettstedet v\u00e5rt er inkludert. Uautorisert kopiering eller videredistribusjon er strengt forbudt.<\/p>\n<\/div><div class=\"mx-5 sm:mx-0 prose leading-relaxed text-lg mb-5 text-left wp-paragraph\">\n<p>Merkenavn, logoer og varemerker som er nevnt p\u00e5 Senhor Esportes \u2013 inkludert Google Play og App Store \u2013 tilh\u00f8rer utelukkende sine respektive eiere. Disse referansene brukes utelukkende til identifikasjons- og informasjonsform\u00e5l, uten \u00e5 antyde noen form for godkjenning, sponsing eller partnerskap.<\/p>\n<\/div><div class=\"mx-5 sm:mx-0 prose leading-relaxed text-lg mb-5 text-left wp-paragraph\">\n<p>Hvis du mener at opphavsrettsbeskyttet materiale har blitt publisert her ved en feil, kan du kontakte oss via kontaktsiden v\u00e5r. Vi vil gjennomg\u00e5 foresp\u00f8rselen din og h\u00e5ndtere problemet raskt.<\/p>\n<\/div><!--advertisement--><div class=\"mx-5 sm:mx-0 sm:text-3xl text-2xl font-medium title-font mb-4 text-gray-900 text-left\">\n<h2 class=\"wp-block-heading\">Kontakt oss<\/h2>\n<\/div><div class=\"mx-5 sm:mx-0 prose leading-relaxed text-lg mb-5 text-left wp-paragraph\">\n<p>Vi \u00f8nsker at Senhor Esportes skal bli mer nyttig og komplett for deg. Derfor er vi alltid \u00e5pne for forslag, sp\u00f8rsm\u00e5l og ideer.<\/p>\n<\/div><div class=\"mx-5 sm:mx-0 prose leading-relaxed text-lg mb-5 text-left wp-paragraph\">\n<p>Hvis det er et emne du \u00f8nsker \u00e5 se forklart, en app du vil vite mer om, eller en anmeldelse du leter etter, <a style=\" color:;\" href=\"https:\/\/senhoresportes.com\/nb\/contact\/\">ta kontakt med oss<\/a>Tilbakemeldingene dine hjelper oss med \u00e5 forbedre innholdet v\u00e5rt og lage materiale som virkelig utgj\u00f8r en forskjell for leserne v\u00e5re.<\/p>\n<\/div><div class=\"mx-5 sm:mx-0 prose leading-relaxed text-lg mb-5 text-left wp-paragraph\">\n<p>Senhor Esportes ble opprettet for de som \u00f8nsker \u00e5 l\u00e6re, forst\u00e5 og utforske. Din deltakelse er en viktig del av det oppdraget.<\/p>\n<\/div>","protected":false},"excerpt":{"rendered":"<p>Har du lagt merke til hvordan sportens og spillingens verden er full av muligheter? Teknikker, regler, apper, verkt\u00f8y og strategier kobles sammen for \u00e5 skape stadig mer rike opplevelser. Senhor Esportes ble opprettet for \u00e5 samle klart og tilgjengelig innhold p\u00e5 ett sted, slik at du kan l\u00e6re, forst\u00e5 og utforske mer om det du liker. Her kombinerer vi en\u2026 <a class=\"more-link\" href=\"https:\/\/senhoresportes.com\/nb\/about\/\">Fortsett \u00e5 lese <span class=\"screen-reader-text\">Om<\/span><\/a><\/p>","protected":false},"author":26,"featured_media":0,"parent":0,"menu_order":0,"comment_status":"closed","ping_status":"closed","template":"","meta":{"footnotes":""},"yoast_head":"<!-- This site is optimized with the Yoast SEO plugin v23.3 - https:\/\/yoast.com\/wordpress\/plugins\/seo\/ -->\n<title>About - Senhor Esportes<\/title>\n<meta name=\"robots\" content=\"index, follow, max-snippet:-1, max-image-preview:large, max-video-preview:-1\" \/>\n<link rel=\"canonical\" href=\"https:\/\/senhoresportes.com\/nb\/about\/\" \/>\n<meta property=\"og:locale\" content=\"nb_NO\" \/>\n<meta property=\"og:type\" content=\"article\" \/>\n<meta property=\"og:title\" content=\"About - Senhor Esportes\" \/>\n<meta property=\"og:description\" content=\"Have you noticed how the world of sports and gaming is full of possibilities? Techniques, rules, apps, tools, and strategies connect to create increasingly rich experiences. Senhor Esportes was created to bring clear and accessible content together in one place, helping you learn, understand, and explore more about what you enjoy. Here, we combine a&hellip; Continue reading About\" \/>\n<meta property=\"og:url\" content=\"https:\/\/senhoresportes.com\/nb\/about\/\" \/>\n<meta property=\"og:site_name\" content=\"Senhor Esportes\" \/>\n<meta property=\"article:modified_time\" content=\"2025-10-24T19:48:54+00:00\" \/>\n<meta name=\"twitter:card\" content=\"summary_large_image\" \/>\n<meta name=\"twitter:label1\" content=\"Est. reading time\" \/>\n\t<meta name=\"twitter:data1\" content=\"5 minutter\" \/>\n<script type=\"application\/ld+json\" class=\"yoast-schema-graph\">{\"@context\":\"https:\/\/schema.org\",\"@graph\":[{\"@type\":\"WebPage\",\"@id\":\"https:\/\/senhoresportes.com\/about\/\",\"url\":\"https:\/\/senhoresportes.com\/about\/\",\"name\":\"About - Senhor Esportes\",\"isPartOf\":{\"@id\":\"https:\/\/senhoresportes.com\/#website\"},\"datePublished\":\"2025-10-24T19:48:51+00:00\",\"dateModified\":\"2025-10-24T19:48:54+00:00\",\"breadcrumb\":{\"@id\":\"https:\/\/senhoresportes.com\/about\/#breadcrumb\"},\"inLanguage\":\"nb-NO\",\"potentialAction\":[{\"@type\":\"ReadAction\",\"target\":[\"https:\/\/senhoresportes.com\/about\/\"]}]},{\"@type\":\"BreadcrumbList\",\"@id\":\"https:\/\/senhoresportes.com\/about\/#breadcrumb\",\"itemListElement\":[{\"@type\":\"ListItem\",\"position\":1,\"name\":\"Home\",\"item\":\"https:\/\/senhoresportes.com\/\"},{\"@type\":\"ListItem\",\"position\":2,\"name\":\"About\"}]},{\"@type\":\"WebSite\",\"@id\":\"https:\/\/senhoresportes.com\/#website\",\"url\":\"https:\/\/senhoresportes.com\/\",\"name\":\"Senhor Esportes\",\"description\":\"\",\"potentialAction\":[{\"@type\":\"SearchAction\",\"target\":{\"@type\":\"EntryPoint\",\"urlTemplate\":\"https:\/\/senhoresportes.com\/?s={search_term_string}\"},\"query-input\":\"required name=search_term_string\"}],\"inLanguage\":\"nb-NO\"}]}<\/script>\n<!-- \/ Yoast SEO plugin. -->","yoast_head_json":{"title":"About - Senhor Esportes","robots":{"index":"index","follow":"follow","max-snippet":"max-snippet:-1","max-image-preview":"max-image-preview:large","max-video-preview":"max-video-preview:-1"},"canonical":"https:\/\/senhoresportes.com\/nb\/about\/","og_locale":"nb_NO","og_type":"article","og_title":"About - Senhor Esportes","og_description":"Have you noticed how the world of sports and gaming is full of possibilities? Techniques, rules, apps, tools, and strategies connect to create increasingly rich experiences. Senhor Esportes was created to bring clear and accessible content together in one place, helping you learn, understand, and explore more about what you enjoy. Here, we combine a&hellip; Continue reading About","og_url":"https:\/\/senhoresportes.com\/nb\/about\/","og_site_name":"Senhor Esportes","article_modified_time":"2025-10-24T19:48:54+00:00","twitter_card":"summary_large_image","twitter_misc":{"Est. reading time":"5 minutter"},"schema":{"@context":"https:\/\/schema.org","@graph":[{"@type":"WebPage","@id":"https:\/\/senhoresportes.com\/about\/","url":"https:\/\/senhoresportes.com\/about\/","name":"About - Senhor Esportes","isPartOf":{"@id":"https:\/\/senhoresportes.com\/#website"},"datePublished":"2025-10-24T19:48:51+00:00","dateModified":"2025-10-24T19:48:54+00:00","breadcrumb":{"@id":"https:\/\/senhoresportes.com\/about\/#breadcrumb"},"inLanguage":"nb-NO","potentialAction":[{"@type":"ReadAction","target":["https:\/\/senhoresportes.com\/about\/"]}]},{"@type":"BreadcrumbList","@id":"https:\/\/senhoresportes.com\/about\/#breadcrumb","itemListElement":[{"@type":"ListItem","position":1,"name":"Home","item":"https:\/\/senhoresportes.com\/"},{"@type":"ListItem","position":2,"name":"About"}]},{"@type":"WebSite","@id":"https:\/\/senhoresportes.com\/#website","url":"https:\/\/senhoresportes.com\/","name":"Senhor Esportes","description":"","potentialAction":[{"@type":"SearchAction","target":{"@type":"EntryPoint","urlTemplate":"https:\/\/senhoresportes.com\/?s={search_term_string}"},"query-input":"required name=search_term_string"}],"inLanguage":"nb-NO"}]}},"_links":{"self":[{"href":"https:\/\/senhoresportes.com\/nb\/wp-json\/wp\/v2\/pages\/258"}],"collection":[{"href":"https:\/\/senhoresportes.com\/nb\/wp-json\/wp\/v2\/pages"}],"about":[{"href":"https:\/\/senhoresportes.com\/nb\/wp-json\/wp\/v2\/types\/page"}],"author":[{"embeddable":true,"href":"https:\/\/senhoresportes.com\/nb\/wp-json\/wp\/v2\/users\/26"}],"replies":[{"embeddable":true,"href":"https:\/\/senhoresportes.com\/nb\/wp-json\/wp\/v2\/comments?post=258"}],"version-history":[{"count":1,"href":"https:\/\/senhoresportes.com\/nb\/wp-json\/wp\/v2\/pages\/258\/revisions"}],"predecessor-version":[{"id":259,"href":"https:\/\/senhoresportes.com\/nb\/wp-json\/wp\/v2\/pages\/258\/revisions\/259"}],"wp:attachment":[{"href":"https:\/\/senhoresportes.com\/nb\/wp-json\/wp\/v2\/media?parent=258"}],"curies":[{"name":"wp","href":"https:\/\/api.w.org\/{rel}","templated":true}]}}