{"id":258,"date":"2025-10-24T19:48:51","date_gmt":"2025-10-24T19:48:51","guid":{"rendered":"https:\/\/senhoresportes.com\/?page_id=258"},"modified":"2025-10-24T19:48:54","modified_gmt":"2025-10-24T19:48:54","slug":"about","status":"publish","type":"page","link":"https:\/\/senhoresportes.com\/sv\/about\/","title":{"rendered":"Om"},"content":{"rendered":"<div class=\"mx-5 sm:mx-0 prose leading-relaxed text-lg mb-5 text-left wp-paragraph\">\n<p>Har du m\u00e4rkt hur sport- och spelv\u00e4rlden \u00e4r full av m\u00f6jligheter? Tekniker, regler, appar, verktyg och strategier m\u00f6ts f\u00f6r att skapa alltmer berikande upplevelser. Senhor Esportes skapades f\u00f6r att samla tydligt och l\u00e4ttillg\u00e4ngligt inneh\u00e5ll p\u00e5 ett st\u00e4lle, vilket hj\u00e4lper dig att l\u00e4ra dig, f\u00f6rst\u00e5 och utforska mer om det du tycker om.<\/p>\n<\/div><div class=\"mx-5 sm:mx-0 prose leading-relaxed text-lg mb-5 text-left wp-paragraph\">\n<p>H\u00e4r kombinerar vi en passion f\u00f6r sport med nyfikenhet p\u00e5 spel. V\u00e5rt uppdrag \u00e4r att skapa ett informationsutrymme med detaljerade guider, kompletta analyser och praktiska tips som g\u00f6r det enklare f\u00f6r l\u00e4sare att interagera med olika sporter, appar, digitala plattformar och spelrelaterade verktyg.<\/p>\n<\/div><div class=\"mx-5 sm:mx-0 prose leading-relaxed text-lg mb-5 text-left wp-paragraph\">\n<p>V\u00e5rt m\u00e5l \u00e4r att tillhandah\u00e5lla inneh\u00e5ll som f\u00f6renklar ditt liv och g\u00f6r upplevelsen mer engagerande och praktisk. Varje del \u00e4r utformad f\u00f6r att hj\u00e4lpa dig att f\u00f6rst\u00e5 koncept, uppt\u00e4cka nya funktioner och f\u00e5 ut det mesta av vad detta universum erbjuder.<\/p>\n<\/div><!--advertisement--><div class=\"mx-5 sm:mx-0 sm:text-3xl text-2xl font-medium title-font mb-4 text-gray-900 text-left\">\n<h2 class=\"wp-block-heading\">Vad du hittar p\u00e5 Senhor Esportes<\/h2>\n<\/div><div class=\"mx-5 sm:mx-0 prose leading-relaxed text-lg mb-5 text-left wp-paragraph\">\n<p>Den h\u00e4r webbplatsen skapades f\u00f6r att informera och v\u00e4gleda de som vill f\u00f6rst\u00e5 sport- och spelv\u00e4rlden b\u00e4ttre. V\u00e5rt inneh\u00e5ll \u00e4r tydligt strukturerat, med direkta f\u00f6rklaringar och ett l\u00e4ttillg\u00e4ngligt spr\u00e5k, s\u00e5 att du enkelt kan hitta det du beh\u00f6ver.<\/p>\n<\/div><div class=\"mx-5 sm:mx-0 prose leading-relaxed text-lg mb-5 text-left wp-paragraph\">\n<p>H\u00e4r kan du utforska:<\/p>\n<\/div><div class=\"mx-5 sm:mx-0 prose leading-relaxed text-lg mb-5 text-left wp-paragraph\">\n<p>\ud83d\udd39 <strong>Praktiska steg-f\u00f6r-steg-guider<\/strong><\/p>\n<\/div><div class=\"mx-5 sm:mx-0 prose leading-relaxed text-lg mb-5 text-left wp-paragraph\">\n<p>Om du vill l\u00e4ra dig att anv\u00e4nda sportappar, f\u00f6rst\u00e5 spelregler, utforska digitala funktioner eller konfigurera verktyg f\u00f6r att f\u00f6rb\u00e4ttra dina prestationer, \u00e4r v\u00e5ra guider gjorda f\u00f6r dig. Varje steg f\u00f6rklaras tydligt, vilket g\u00f6r det enkelt att till\u00e4mpa dem i vardagen.<\/p>\n<\/div><div class=\"mx-5 sm:mx-0 prose leading-relaxed text-lg mb-5 text-left wp-paragraph\">\n<p>\ud83d\udd39 <strong>Tips f\u00f6r att f\u00f6rb\u00e4ttra din upplevelse<\/strong><\/p>\n<\/div><div class=\"mx-5 sm:mx-0 prose leading-relaxed text-lg mb-5 text-left wp-paragraph\">\n<p>Vi erbjuder f\u00f6rslag som hj\u00e4lper dig att f\u00e5 ut det mesta av appar, plattformar och funktioner som kopplar samman sport och spel. Fr\u00e5n verktyg som sp\u00e5rar statistik till resurser som f\u00f6rb\u00e4ttrar din tr\u00e4ningseffektivitet visar vi hur du anv\u00e4nder var och en effektivt.<\/p>\n<\/div><div class=\"mx-5 sm:mx-0 prose leading-relaxed text-lg mb-5 text-left wp-paragraph\">\n<p>\ud83d\udd39 Djupg\u00e5ende analyser och f\u00f6rklaringar<\/p>\n<\/div><div class=\"mx-5 sm:mx-0 prose leading-relaxed text-lg mb-5 text-left wp-paragraph\">\n<p>Vill du f\u00f6rst\u00e5 hur en app f\u00f6r sportm\u00e4tning fungerar, mekaniken i ett spel eller funktionerna i ett specifikt verktyg? Vi skapar detaljerat inneh\u00e5ll som hj\u00e4lper dig att reda ut fr\u00e5gor och l\u00e4ttare f\u00f6rst\u00e5 varje detalj.<\/p>\n<\/div><div class=\"mx-5 sm:mx-0 prose leading-relaxed text-lg mb-5 text-left wp-paragraph\">\n<p>\ud83d\udd39<strong> Kuriosa och special\u00e4mnen<\/strong><\/p>\n<\/div><div class=\"mx-5 sm:mx-0 prose leading-relaxed text-lg mb-5 text-left wp-paragraph\">\n<p>Ut\u00f6ver guider t\u00e4cker vi \u00e4ven \u00e4mnen som v\u00e4cker nyfikenhet: mindre k\u00e4nda verktyg, dolda funktioner, sportens utveckling och beteenden inom spel- och sportgemenskaper. Allt presenteras p\u00e5 ett tydligt och engagerande s\u00e4tt.<\/p>\n<\/div><div class=\"mx-5 sm:mx-0 prose leading-relaxed text-lg mb-5 text-left wp-paragraph\">\n<p>V\u00e5rt m\u00e5l \u00e4r att du ska hitta en p\u00e5litlig och trevlig plats som \u00e4r utformad f\u00f6r att hj\u00e4lpa dig att l\u00e4ra dig, uppt\u00e4cka anv\u00e4ndbara resurser och utforska inneh\u00e5ll som verkligen intresserar dig.<\/p>\n<\/div><!--advertisement--><div class=\"mx-5 sm:mx-0 sm:text-3xl text-2xl font-medium title-font mb-4 text-gray-900 text-left\">\n<h2 class=\"wp-block-heading\">Vilka vi \u00e4r<\/h2>\n<\/div><div class=\"mx-5 sm:mx-0 prose leading-relaxed text-lg mb-5 text-left wp-paragraph\">\n<p>Senhor Esportes grundades av en grupp entusiaster med passion f\u00f6r sport och spel, f\u00f6renade av m\u00e5let att g\u00f6ra v\u00e4rlden mer tillg\u00e4nglig. V\u00e5rt team har erfarenhet av att studera sport, spelmekanik, digital teknik och branschtrender, vilket s\u00e4kerst\u00e4ller v\u00e4lstrukturerat och informativt inneh\u00e5ll.<\/p>\n<\/div><div class=\"mx-5 sm:mx-0 prose leading-relaxed text-lg mb-5 text-left wp-paragraph\">\n<p>Mer \u00e4n att samla information str\u00e4var vi efter att dela kunskap. V\u00e5ra f\u00f6rfattare \u00e4r personer som utforskar dessa \u00e4mnen dagligen, testar verktyg, analyserar resurser och skapar material f\u00f6r alla som vill l\u00e4ra sig mer \u2013 utan on\u00f6diga komplikationer.<\/p>\n<\/div><!--advertisement--><div class=\"mx-5 sm:mx-0 sm:text-3xl text-2xl font-medium title-font mb-4 text-gray-900 text-left\">\n<h2 class=\"wp-block-heading\">V\u00e5rt engagemang f\u00f6r transparens<\/h2>\n<\/div><div class=\"mx-5 sm:mx-0 prose leading-relaxed text-lg mb-5 text-left wp-paragraph\">\n<p>Transparens och oberoende \u00e4r grundpelarna f\u00f6r Senhor Esportes. Det \u00e4r viktigt att notera att:<\/p>\n<\/div><div class=\"mx-5 sm:mx-0 prose text-left mb-5\">\n<ul><div class=\"mx-5 sm:mx-0 prose text-left mb-5\">\n<li>Webbplatsen har ingen koppling till n\u00e5gra f\u00f6retag, utvecklare, plattformar eller appar som n\u00e4mns.<\/li>\n<\/div>\n\n<div class=\"mx-5 sm:mx-0 prose text-left mb-5\">\n<li>Vi erbjuder inte betaltj\u00e4nster, prenumerationer, teknisk support och agerar inte som mellanh\u00e4nder vid k\u00f6p. V\u00e5rt enda syfte \u00e4r att informera.<\/li>\n<\/div>\n\n<div class=\"mx-5 sm:mx-0 prose text-left mb-5\">\n<li>Informationen som publiceras \u00e4r baserad p\u00e5 offentlig data och verifierade k\u00e4llor, men externa f\u00f6r\u00e4ndringar kan f\u00f6rekomma, s\u00e5som appuppdateringar, borttagning av webbplatser, kursjusteringar eller nya funktioner.<\/li>\n<\/div>\n\n<div class=\"mx-5 sm:mx-0 prose text-left mb-5\">\n<li>Vi granskar regelbundet v\u00e5rt inneh\u00e5ll men rekommenderar att l\u00e4sarna kontrollerar de senaste uppgifterna direkt med officiella k\u00e4llor n\u00e4r det beh\u00f6vs.<\/li>\n<\/div><\/ul>\n<\/div><div class=\"mx-5 sm:mx-0 prose leading-relaxed text-lg mb-5 text-left wp-paragraph\">\n<p>V\u00e5rt uppdrag \u00e4r att tillhandah\u00e5lla tydlig, organiserad och opartisk information som hj\u00e4lper dig att b\u00e4ttre f\u00f6rst\u00e5 sport- och spelv\u00e4rlden. H\u00e4r hittar du inneh\u00e5ll som f\u00f6rklarar, v\u00e4gleder och kopplar samman \u2013 utan l\u00f6ften om tj\u00e4nster eller kommersiella kopplingar.<br><\/p>\n<\/div><!--advertisement--><div class=\"mx-5 sm:mx-0 sm:text-3xl text-2xl font-medium title-font mb-4 text-gray-900 text-left\">\n<h2 class=\"wp-block-heading\">Monetisering och upplysningar<\/h2>\n<\/div><div class=\"mx-5 sm:mx-0 prose leading-relaxed text-lg mb-5 text-left wp-paragraph\">\n<p>F\u00f6r att h\u00e5lla v\u00e5r plattform tillg\u00e4nglig och gratis f\u00f6r alla visar Senhor Esportes annonser via Google AdSense. Dessa annonser hj\u00e4lper till att uppr\u00e4tth\u00e5lla v\u00e5rt redaktionella arbete och underh\u00e5lla webbplatsen utan att n\u00e5gonsin kompromissa med integriteten i v\u00e5rt inneh\u00e5ll eller v\u00e5ra rekommendationer.<\/p>\n<\/div><div class=\"mx-5 sm:mx-0 prose leading-relaxed text-lg mb-5 text-left wp-paragraph\">\n<p>Allt reklaminneh\u00e5ll \u00e4r tydligt separerat fr\u00e5n redaktionellt material. Vi anv\u00e4nder inte affiliate-l\u00e4nkar och f\u00e5r inte heller provision f\u00f6r appnedladdningar, k\u00f6p eller produktomn\u00e4mnanden. V\u00e5rt redaktionella oberoende \u00e4r absolut och uppr\u00e4tth\u00e5lls under alla omst\u00e4ndigheter.<\/p>\n<\/div><!--advertisement--><div class=\"mx-5 sm:mx-0 sm:text-3xl text-2xl font-medium title-font mb-4 text-gray-900 text-left\">\n<h2 class=\"wp-block-heading\">Upphovsr\u00e4tt och inneh\u00e5ll fr\u00e5n tredje part<\/h2>\n<\/div><div class=\"mx-5 sm:mx-0 prose leading-relaxed text-lg mb-5 text-left wp-paragraph\">\n<p>All text, alla bilder och designelement p\u00e5 Senhor Esportes \u00e4r skyddade av upphovsr\u00e4ttslagar. Du f\u00e5r citera eller referera till v\u00e5rt inneh\u00e5ll s\u00e5 l\u00e4nge korrekt kreditering anges och en synlig l\u00e4nk till v\u00e5r webbplats inkluderas. Obeh\u00f6rig kopiering eller vidaredistribution \u00e4r str\u00e4ngt f\u00f6rbjuden.<\/p>\n<\/div><div class=\"mx-5 sm:mx-0 prose leading-relaxed text-lg mb-5 text-left wp-paragraph\">\n<p>Varum\u00e4rken, logotyper och varum\u00e4rken som n\u00e4mns p\u00e5 Senhor Esportes \u2013 inklusive Google Play och App Store \u2013 tillh\u00f6r exklusivt sina respektive \u00e4gare. Dessa referenser anv\u00e4nds enbart f\u00f6r identifierings- och informations\u00e4ndam\u00e5l, utan att antyda n\u00e5gon form av st\u00f6d, sponsring eller partnerskap.<\/p>\n<\/div><div class=\"mx-5 sm:mx-0 prose leading-relaxed text-lg mb-5 text-left wp-paragraph\">\n<p>Om du anser att upphovsr\u00e4ttsskyddat material har publicerats h\u00e4r av misstag, v\u00e4nligen kontakta oss via v\u00e5r kontaktsida. Vi kommer att granska din beg\u00e4ran och \u00e5tg\u00e4rda problemet snarast.<\/p>\n<\/div><!--advertisement--><div class=\"mx-5 sm:mx-0 sm:text-3xl text-2xl font-medium title-font mb-4 text-gray-900 text-left\">\n<h2 class=\"wp-block-heading\">Kontakta oss<\/h2>\n<\/div><div class=\"mx-5 sm:mx-0 prose leading-relaxed text-lg mb-5 text-left wp-paragraph\">\n<p>Vi vill att Senhor Esportes ska bli mer anv\u00e4ndbart och komplett f\u00f6r dig. D\u00e4rf\u00f6r \u00e4r vi alltid \u00f6ppna f\u00f6r f\u00f6rslag, fr\u00e5gor och id\u00e9er.<\/p>\n<\/div><div class=\"mx-5 sm:mx-0 prose leading-relaxed text-lg mb-5 text-left wp-paragraph\">\n<p>Om det finns ett \u00e4mne du vill se f\u00f6rklarat, en app du vill veta mer om eller en recension du letar efter, <a style=\" color:;\" href=\"https:\/\/senhoresportes.com\/sv\/contact\/\">kontakta oss<\/a>Din feedback hj\u00e4lper oss att f\u00f6rb\u00e4ttra v\u00e5rt inneh\u00e5ll och skapa material som verkligen g\u00f6r skillnad f\u00f6r v\u00e5ra l\u00e4sare.<\/p>\n<\/div><div class=\"mx-5 sm:mx-0 prose leading-relaxed text-lg mb-5 text-left wp-paragraph\">\n<p>Senhor Esportes skapades f\u00f6r de som vill l\u00e4ra sig, f\u00f6rst\u00e5 och utforska. Ditt deltagande \u00e4r en viktig del av det uppdraget.<\/p>\n<\/div>","protected":false},"excerpt":{"rendered":"<p>Har du m\u00e4rkt hur sport- och spelv\u00e4rlden \u00e4r full av m\u00f6jligheter? Tekniker, regler, appar, verktyg och strategier kopplas samman f\u00f6r att skapa alltmer berikande upplevelser. Senhor Esportes skapades f\u00f6r att samla tydligt och l\u00e4ttillg\u00e4ngligt inneh\u00e5ll p\u00e5 ett st\u00e4lle, vilket hj\u00e4lper dig att l\u00e4ra dig, f\u00f6rst\u00e5 och utforska mer om det du tycker om. H\u00e4r kombinerar vi en\u2026 <a class=\"more-link\" href=\"https:\/\/senhoresportes.com\/sv\/about\/\">Forts\u00e4tt l\u00e4sa <span class=\"screen-reader-text\">Om<\/span><\/a><\/p>","protected":false},"author":26,"featured_media":0,"parent":0,"menu_order":0,"comment_status":"closed","ping_status":"closed","template":"","meta":{"footnotes":""},"yoast_head":"<!-- This site is optimized with the Yoast SEO plugin v23.3 - https:\/\/yoast.com\/wordpress\/plugins\/seo\/ -->\n<title>About - Senhor Esportes<\/title>\n<meta name=\"robots\" content=\"index, follow, max-snippet:-1, max-image-preview:large, max-video-preview:-1\" \/>\n<link rel=\"canonical\" href=\"https:\/\/senhoresportes.com\/sv\/about\/\" \/>\n<meta property=\"og:locale\" content=\"sv_SE\" \/>\n<meta property=\"og:type\" content=\"article\" \/>\n<meta property=\"og:title\" content=\"About - Senhor Esportes\" \/>\n<meta property=\"og:description\" content=\"Have you noticed how the world of sports and gaming is full of possibilities? Techniques, rules, apps, tools, and strategies connect to create increasingly rich experiences. Senhor Esportes was created to bring clear and accessible content together in one place, helping you learn, understand, and explore more about what you enjoy. Here, we combine a&hellip; Continue reading About\" \/>\n<meta property=\"og:url\" content=\"https:\/\/senhoresportes.com\/sv\/about\/\" \/>\n<meta property=\"og:site_name\" content=\"Senhor Esportes\" \/>\n<meta property=\"article:modified_time\" content=\"2025-10-24T19:48:54+00:00\" \/>\n<meta name=\"twitter:card\" content=\"summary_large_image\" \/>\n<meta name=\"twitter:label1\" content=\"Est. reading time\" \/>\n\t<meta name=\"twitter:data1\" content=\"5 minuter\" \/>\n<script type=\"application\/ld+json\" class=\"yoast-schema-graph\">{\"@context\":\"https:\/\/schema.org\",\"@graph\":[{\"@type\":\"WebPage\",\"@id\":\"https:\/\/senhoresportes.com\/about\/\",\"url\":\"https:\/\/senhoresportes.com\/about\/\",\"name\":\"About - Senhor Esportes\",\"isPartOf\":{\"@id\":\"https:\/\/senhoresportes.com\/#website\"},\"datePublished\":\"2025-10-24T19:48:51+00:00\",\"dateModified\":\"2025-10-24T19:48:54+00:00\",\"breadcrumb\":{\"@id\":\"https:\/\/senhoresportes.com\/about\/#breadcrumb\"},\"inLanguage\":\"sv-SE\",\"potentialAction\":[{\"@type\":\"ReadAction\",\"target\":[\"https:\/\/senhoresportes.com\/about\/\"]}]},{\"@type\":\"BreadcrumbList\",\"@id\":\"https:\/\/senhoresportes.com\/about\/#breadcrumb\",\"itemListElement\":[{\"@type\":\"ListItem\",\"position\":1,\"name\":\"Home\",\"item\":\"https:\/\/senhoresportes.com\/\"},{\"@type\":\"ListItem\",\"position\":2,\"name\":\"About\"}]},{\"@type\":\"WebSite\",\"@id\":\"https:\/\/senhoresportes.com\/#website\",\"url\":\"https:\/\/senhoresportes.com\/\",\"name\":\"Senhor Esportes\",\"description\":\"\",\"potentialAction\":[{\"@type\":\"SearchAction\",\"target\":{\"@type\":\"EntryPoint\",\"urlTemplate\":\"https:\/\/senhoresportes.com\/?s={search_term_string}\"},\"query-input\":\"required name=search_term_string\"}],\"inLanguage\":\"sv-SE\"}]}<\/script>\n<!-- \/ Yoast SEO plugin. -->","yoast_head_json":{"title":"About - Senhor Esportes","robots":{"index":"index","follow":"follow","max-snippet":"max-snippet:-1","max-image-preview":"max-image-preview:large","max-video-preview":"max-video-preview:-1"},"canonical":"https:\/\/senhoresportes.com\/sv\/about\/","og_locale":"sv_SE","og_type":"article","og_title":"About - Senhor Esportes","og_description":"Have you noticed how the world of sports and gaming is full of possibilities? Techniques, rules, apps, tools, and strategies connect to create increasingly rich experiences. Senhor Esportes was created to bring clear and accessible content together in one place, helping you learn, understand, and explore more about what you enjoy. Here, we combine a&hellip; Continue reading About","og_url":"https:\/\/senhoresportes.com\/sv\/about\/","og_site_name":"Senhor Esportes","article_modified_time":"2025-10-24T19:48:54+00:00","twitter_card":"summary_large_image","twitter_misc":{"Est. reading time":"5 minuter"},"schema":{"@context":"https:\/\/schema.org","@graph":[{"@type":"WebPage","@id":"https:\/\/senhoresportes.com\/about\/","url":"https:\/\/senhoresportes.com\/about\/","name":"About - Senhor Esportes","isPartOf":{"@id":"https:\/\/senhoresportes.com\/#website"},"datePublished":"2025-10-24T19:48:51+00:00","dateModified":"2025-10-24T19:48:54+00:00","breadcrumb":{"@id":"https:\/\/senhoresportes.com\/about\/#breadcrumb"},"inLanguage":"sv-SE","potentialAction":[{"@type":"ReadAction","target":["https:\/\/senhoresportes.com\/about\/"]}]},{"@type":"BreadcrumbList","@id":"https:\/\/senhoresportes.com\/about\/#breadcrumb","itemListElement":[{"@type":"ListItem","position":1,"name":"Home","item":"https:\/\/senhoresportes.com\/"},{"@type":"ListItem","position":2,"name":"About"}]},{"@type":"WebSite","@id":"https:\/\/senhoresportes.com\/#website","url":"https:\/\/senhoresportes.com\/","name":"Senhor Esportes","description":"","potentialAction":[{"@type":"SearchAction","target":{"@type":"EntryPoint","urlTemplate":"https:\/\/senhoresportes.com\/?s={search_term_string}"},"query-input":"required name=search_term_string"}],"inLanguage":"sv-SE"}]}},"_links":{"self":[{"href":"https:\/\/senhoresportes.com\/sv\/wp-json\/wp\/v2\/pages\/258"}],"collection":[{"href":"https:\/\/senhoresportes.com\/sv\/wp-json\/wp\/v2\/pages"}],"about":[{"href":"https:\/\/senhoresportes.com\/sv\/wp-json\/wp\/v2\/types\/page"}],"author":[{"embeddable":true,"href":"https:\/\/senhoresportes.com\/sv\/wp-json\/wp\/v2\/users\/26"}],"replies":[{"embeddable":true,"href":"https:\/\/senhoresportes.com\/sv\/wp-json\/wp\/v2\/comments?post=258"}],"version-history":[{"count":1,"href":"https:\/\/senhoresportes.com\/sv\/wp-json\/wp\/v2\/pages\/258\/revisions"}],"predecessor-version":[{"id":259,"href":"https:\/\/senhoresportes.com\/sv\/wp-json\/wp\/v2\/pages\/258\/revisions\/259"}],"wp:attachment":[{"href":"https:\/\/senhoresportes.com\/sv\/wp-json\/wp\/v2\/media?parent=258"}],"curies":[{"name":"wp","href":"https:\/\/api.w.org\/{rel}","templated":true}]}}