{"id":264,"date":"2025-10-24T19:53:30","date_gmt":"2025-10-24T19:53:30","guid":{"rendered":"https:\/\/senhoresportes.com\/?page_id=264"},"modified":"2025-10-24T19:54:48","modified_gmt":"2025-10-24T19:54:48","slug":"contact","status":"publish","type":"page","link":"https:\/\/senhoresportes.com\/sv\/contact\/","title":{"rendered":"Kontakta"},"content":{"rendered":"<div class=\"mx-5 sm:mx-0 prose text-left mb-5\"><div class=\"wpforms-container wpforms-container-full wpforms-block wpforms-block-aa64df9d-acea-4a36-91ed-00bbdcdb4cec wpforms-render-modern\" id=\"wpforms-267\"><form id=\"wpforms-form-267\" class=\"wpforms-validate wpforms-form wpforms-ajax-form\" data-formid=\"267\" method=\"post\" enctype=\"multipart\/form-data\" action=\"\/sv\/wp-json\/wp\/v2\/pages\/264\" data-token=\"c6a70d4ae4be9b8874959c0fe937377d\" data-token-time=\"1775608694\" data-trp-original-action=\"\/sv\/wp-json\/wp\/v2\/pages\/264\"><noscript class=\"wpforms-error-noscript\">Aktivera JavaScript i din webbl\u00e4sare f\u00f6r att fylla i formul\u00e4ret.<\/noscript><div class=\"wpforms-hidden\" id=\"wpforms-error-noscript\">Aktivera JavaScript i din webbl\u00e4sare f\u00f6r att fylla i formul\u00e4ret.<\/div><div class=\"wpforms-field-container\"><div id=\"wpforms-267-field_1-container\" class=\"wpforms-field wpforms-field-name\" data-field-id=\"1\"><fieldset><legend class=\"wpforms-field-label\">Namn <span class=\"wpforms-required-label\" aria-hidden=\"true\">*<\/span><\/legend><div class=\"wpforms-field-row wpforms-field-medium\"><div class=\"wpforms-field-row-block wpforms-first wpforms-one-half\"><input type=\"text\" id=\"wpforms-267-field_1\" class=\"wpforms-field-name-first wpforms-field-required\" name=\"wpforms[fields][1][first]\" aria-errormessage=\"wpforms-267-field_1-error\" required><label for=\"wpforms-267-field_1\" class=\"wpforms-field-sublabel after\">F\u00f6rst<\/label><\/div><div class=\"wpforms-field-row-block wpforms-one-half\"><input type=\"text\" id=\"wpforms-267-field_1-last\" class=\"wpforms-field-name-last wpforms-field-required\" name=\"wpforms[fields][1][last]\" aria-errormessage=\"wpforms-267-field_1-last-error\" required><label for=\"wpforms-267-field_1-last\" class=\"wpforms-field-sublabel after\">Sist<\/label><\/div><\/div><\/fieldset><\/div>\t\t<div id=\"wpforms-267-field_4-container\"\n\t\t\tclass=\"wpforms-field wpforms-field-text\"\n\t\t\tdata-field-type=\"text\"\n\t\t\tdata-field-id=\"4\"\n\t\t\t>\n\t\t\t<label class=\"wpforms-field-label\" for=\"wpforms-267-field_4\" >Namn eller meddelande<\/label>\n\t\t\t<input type=\"text\" id=\"wpforms-267-field_4\" class=\"wpforms-field-medium\" name=\"wpforms[fields][4]\" >\n\t\t<\/div>\n\t\t<div id=\"wpforms-267-field_2-container\" class=\"wpforms-field wpforms-field-email\" data-field-id=\"2\"><label class=\"wpforms-field-label\" for=\"wpforms-267-field_2\">E-post <span class=\"wpforms-required-label\" aria-hidden=\"true\">*<\/span><\/label><input type=\"email\" id=\"wpforms-267-field_2\" class=\"wpforms-field-medium wpforms-field-required\" name=\"wpforms[fields][2]\" spellcheck=\"false\" aria-errormessage=\"wpforms-267-field_2-error\" required><\/div><div id=\"wpforms-267-field_3-container\" class=\"wpforms-field wpforms-field-textarea\" data-field-id=\"3\"><label class=\"wpforms-field-label\" for=\"wpforms-267-field_3\">Kommentar eller meddelande<\/label><textarea id=\"wpforms-267-field_3\" class=\"wpforms-field-medium\" name=\"wpforms[fields][3]\" aria-errormessage=\"wpforms-267-field_3-error\" ><\/textarea><\/div><script>\n\t\t\t\t( function() {\n\t\t\t\t\tconst style = document.createElement( 'style' );\n\t\t\t\t\tstyle.appendChild( document.createTextNode( '#wpforms-267-field_4-container { position: absolute !important; overflow: hidden !important; display: inline !important; height: 1px !important; width: 1px !important; z-index: -1000 !important; padding: 0 !important; } #wpforms-267-field_4-container input { visibility: hidden; } #wpforms-conversational-form-page #wpforms-267-field_4-container label { counter-increment: none; }' ) );\n\t\t\t\t\tdocument.head.appendChild( style );\n\t\t\t\t\tdocument.currentScript?.remove();\n\t\t\t\t} )();\n\t\t\t<\/script><\/div><!-- .wpforms-field-container --><div class=\"wpforms-submit-container\" ><input type=\"hidden\" name=\"wpforms[id]\" value=\"267\"><input type=\"hidden\" name=\"page_title\" value=\"\"><input type=\"hidden\" name=\"page_url\" value=\"https:\/\/senhoresportes.com\/sv\/wp-json\/wp\/v2\/pages\/264\"><input type=\"hidden\" name=\"url_referer\" value=\"\"><button type=\"submit\" name=\"wpforms[submit]\" id=\"wpforms-submit-267\" class=\"wpforms-submit\" data-alt-text=\"Sending...\" data-submit-text=\"Submit\" aria-live=\"assertive\" value=\"wpforms-submit\">\u00d6verl\u00e4mna<\/button><img loading=\"lazy\" decoding=\"async\" src=\"https:\/\/senhoresportes.com\/wp-content\/plugins\/wpforms-lite\/assets\/images\/submit-spin.svg\" class=\"wpforms-submit-spinner\" style=\"display: none;\" width=\"26\" height=\"26\" alt=\"Laddar\"><\/div><input type=\"hidden\" name=\"trp-form-language\" value=\"sv\"\/><\/form><\/div>  <!-- .wpforms-container --><\/div>","protected":false},"excerpt":{"rendered":"","protected":false},"author":26,"featured_media":0,"parent":0,"menu_order":0,"comment_status":"closed","ping_status":"closed","template":"","meta":{"footnotes":""},"yoast_head":"<!-- This site is optimized with the Yoast SEO plugin v23.3 - https:\/\/yoast.com\/wordpress\/plugins\/seo\/ -->\n<title>Contact - Senhor Esportes<\/title>\n<meta name=\"robots\" content=\"index, follow, max-snippet:-1, max-image-preview:large, max-video-preview:-1\" \/>\n<link rel=\"canonical\" href=\"https:\/\/senhoresportes.com\/sv\/contact\/\" \/>\n<meta property=\"og:locale\" content=\"sv_SE\" \/>\n<meta property=\"og:type\" content=\"article\" \/>\n<meta property=\"og:title\" content=\"Contact - Senhor Esportes\" \/>\n<meta property=\"og:url\" content=\"https:\/\/senhoresportes.com\/sv\/contact\/\" \/>\n<meta property=\"og:site_name\" content=\"Senhor Esportes\" \/>\n<meta property=\"article:modified_time\" content=\"2025-10-24T19:54:48+00:00\" \/>\n<meta name=\"twitter:card\" content=\"summary_large_image\" \/>\n<script type=\"application\/ld+json\" class=\"yoast-schema-graph\">{\"@context\":\"https:\/\/schema.org\",\"@graph\":[{\"@type\":\"WebPage\",\"@id\":\"https:\/\/senhoresportes.com\/contact\/\",\"url\":\"https:\/\/senhoresportes.com\/contact\/\",\"name\":\"Contact - Senhor Esportes\",\"isPartOf\":{\"@id\":\"https:\/\/senhoresportes.com\/#website\"},\"datePublished\":\"2025-10-24T19:53:30+00:00\",\"dateModified\":\"2025-10-24T19:54:48+00:00\",\"breadcrumb\":{\"@id\":\"https:\/\/senhoresportes.com\/contact\/#breadcrumb\"},\"inLanguage\":\"sv-SE\",\"potentialAction\":[{\"@type\":\"ReadAction\",\"target\":[\"https:\/\/senhoresportes.com\/contact\/\"]}]},{\"@type\":\"BreadcrumbList\",\"@id\":\"https:\/\/senhoresportes.com\/contact\/#breadcrumb\",\"itemListElement\":[{\"@type\":\"ListItem\",\"position\":1,\"name\":\"Home\",\"item\":\"https:\/\/senhoresportes.com\/\"},{\"@type\":\"ListItem\",\"position\":2,\"name\":\"Contact\"}]},{\"@type\":\"WebSite\",\"@id\":\"https:\/\/senhoresportes.com\/#website\",\"url\":\"https:\/\/senhoresportes.com\/\",\"name\":\"Senhor Esportes\",\"description\":\"\",\"potentialAction\":[{\"@type\":\"SearchAction\",\"target\":{\"@type\":\"EntryPoint\",\"urlTemplate\":\"https:\/\/senhoresportes.com\/?s={search_term_string}\"},\"query-input\":\"required name=search_term_string\"}],\"inLanguage\":\"sv-SE\"}]}<\/script>\n<!-- \/ Yoast SEO plugin. -->","yoast_head_json":{"title":"Contact - Senhor Esportes","robots":{"index":"index","follow":"follow","max-snippet":"max-snippet:-1","max-image-preview":"max-image-preview:large","max-video-preview":"max-video-preview:-1"},"canonical":"https:\/\/senhoresportes.com\/sv\/contact\/","og_locale":"sv_SE","og_type":"article","og_title":"Contact - Senhor Esportes","og_url":"https:\/\/senhoresportes.com\/sv\/contact\/","og_site_name":"Senhor Esportes","article_modified_time":"2025-10-24T19:54:48+00:00","twitter_card":"summary_large_image","schema":{"@context":"https:\/\/schema.org","@graph":[{"@type":"WebPage","@id":"https:\/\/senhoresportes.com\/contact\/","url":"https:\/\/senhoresportes.com\/contact\/","name":"Contact - Senhor Esportes","isPartOf":{"@id":"https:\/\/senhoresportes.com\/#website"},"datePublished":"2025-10-24T19:53:30+00:00","dateModified":"2025-10-24T19:54:48+00:00","breadcrumb":{"@id":"https:\/\/senhoresportes.com\/contact\/#breadcrumb"},"inLanguage":"sv-SE","potentialAction":[{"@type":"ReadAction","target":["https:\/\/senhoresportes.com\/contact\/"]}]},{"@type":"BreadcrumbList","@id":"https:\/\/senhoresportes.com\/contact\/#breadcrumb","itemListElement":[{"@type":"ListItem","position":1,"name":"Home","item":"https:\/\/senhoresportes.com\/"},{"@type":"ListItem","position":2,"name":"Contact"}]},{"@type":"WebSite","@id":"https:\/\/senhoresportes.com\/#website","url":"https:\/\/senhoresportes.com\/","name":"Senhor Esportes","description":"","potentialAction":[{"@type":"SearchAction","target":{"@type":"EntryPoint","urlTemplate":"https:\/\/senhoresportes.com\/?s={search_term_string}"},"query-input":"required name=search_term_string"}],"inLanguage":"sv-SE"}]}},"_links":{"self":[{"href":"https:\/\/senhoresportes.com\/sv\/wp-json\/wp\/v2\/pages\/264"}],"collection":[{"href":"https:\/\/senhoresportes.com\/sv\/wp-json\/wp\/v2\/pages"}],"about":[{"href":"https:\/\/senhoresportes.com\/sv\/wp-json\/wp\/v2\/types\/page"}],"author":[{"embeddable":true,"href":"https:\/\/senhoresportes.com\/sv\/wp-json\/wp\/v2\/users\/26"}],"replies":[{"embeddable":true,"href":"https:\/\/senhoresportes.com\/sv\/wp-json\/wp\/v2\/comments?post=264"}],"version-history":[{"count":2,"href":"https:\/\/senhoresportes.com\/sv\/wp-json\/wp\/v2\/pages\/264\/revisions"}],"predecessor-version":[{"id":269,"href":"https:\/\/senhoresportes.com\/sv\/wp-json\/wp\/v2\/pages\/264\/revisions\/269"}],"wp:attachment":[{"href":"https:\/\/senhoresportes.com\/sv\/wp-json\/wp\/v2\/media?parent=264"}],"curies":[{"name":"wp","href":"https:\/\/api.w.org\/{rel}","templated":true}]}}